{"id":3761,"date":"2016-05-02T07:43:49","date_gmt":"2016-05-02T05:43:49","guid":{"rendered":"http:\/\/www.niceart.de\/de\/?page_id=3761"},"modified":"2016-05-13T17:32:35","modified_gmt":"2016-05-13T15:32:35","slug":"impressum","status":"publish","type":"page","link":"https:\/\/www.niceart.de\/de\/impressum\/","title":{"rendered":"Impressum"},"content":{"rendered":"<p>Andreas Emmert<br \/>\nSchlo\u00dfstr. 41<br \/>\n86854 Amberg<\/p>\n<p>Tel.: 08241 \/ 911 99 39<\/p>\n<p>info@niceart.de<\/p>\n<p>Ust-Id-Nr. DE 252 78 27 91<\/p>\n<p><strong>Copyright:<\/strong><br \/>\n\u00a9 niceart.de &#8211;\u00a0 Alle Rechte vorbehalten.<\/p>\n<p><strong>Haftungshinweis:<\/strong><br \/>\nDiese Webseite wurde mit gr\u00f6\u00dftm\u00f6glicher Sorgfalt erstellt. Trotzdem kann keine Gew\u00e4hr f\u00fcr die Fehlerfreiheit und Genauigkeit der enthaltenen Informationen \u00fcbernommen werden. Jegliche Haftung f\u00fcr Sch\u00e4den, die direkt oder indirekt aus der Benutzung dieser Webseite entstehen, wird ausgeschlossen, soweit diese nicht auf Vorsatz oder grober Fahrl\u00e4ssigkeit beruhen, oder aus anderen gesetzlichen Gr\u00fcnden zwingend gehaftet wird.<\/p>\n<p><strong>Datenschutz-Hinweis:<\/strong><br \/>\nDie im Rahmen der Webseiten der NiceArt.de erhobenen personenbezogenen Daten werden ausschlie\u00dflich zum Zweck der Auftragsabwicklung und der Bearbeitung Ihrer Anfragen genutzt und nicht an Dritte weiter gegeben.<\/p>\n<p><strong>Keine Abmahnung ohne vorherigen Kontakt!<\/strong><br \/>\nSollte der Inhalt oder die Aufmachung dieser Seiten fremde Rechte Dritter oder gesetzliche Bestimmungen verletzen, so bitten wir um eine entsprechende Nachricht ohne Kostennote. Wir garantieren, dass die zu Recht beanstandeten Passagen unverz\u00fcglich entfernt werden, ohne dass von Ihrer Seite die Einschaltung eines Rechtsbeistandes erforderlich ist. Dennoch von Ihnen ohne vorherige Kontaktaufnahme ausgel\u00f6ste Kosten werden wir vollumf\u00e4nglich zur\u00fcckweisen und gegebenenfalls Gegenklage wegen Verletzung vorgenannter Bestimmungen einreichen.<\/p>\n<p><strong>Verwendung von Facebook-Plugins:<\/strong><\/p>\n<p>Auf diesen Internetseiten werden Plugins des sozialen Netzwerks facebook.com verwendet, das von der Facebook Inc., 1601 S. California Ave, Palo Alto, CA94304, USA betrieben wird (\u201eFacebook\u201c). Wenn Sie mit einen solchen Plugin versehene Internetseiten unserer Internetpr\u00e4senz aufrufen, wird eine Verbindung zu den Facebook-Servern hergestellt und dabei das Plugin durch Mitteilung an Ihren Browser auf der Internetseite dargestellt. Hierdurch wird an den Facebook-Server \u00fcbermittelt, welche unserer Internetseiten Sie besucht haben. Sind Sie dabei als Mitglied bei Facebook eingeloggt, ordnet Facebook diese Information Ihrem pers\u00f6nlichen Facebook-Benutzerkonto zu. Bei der Nutzung der Plugin-Funktionen (z. B. Anklicken des \u201eGef\u00e4llt mir\u201c- Buttons, Abgabe eines Kommentars) werden auch diese Informationen Ihrem Facebook-Konto zugeordnet, was Sie nur durch Ausloggen vor Nutzung des Plugins verhindern k\u00f6nnen. N\u00e4here Informationen zur Erhebung und Nutzung der Daten durch Facebook, \u00fcber Ihre diesbez\u00fcglichen Rechte und M\u00f6glichkeiten zum Schutz Ihrer Privatsph\u00e4re finden Sie in den Datenschutzhinweisen von Facebook.<\/p>\n<p>Design \/ Programmierung:<br \/>\nMedienagentur Niceart<br \/>\nwww.niceart.de<br \/>\ninfo@niceart.de<\/p>\n<p>Text &amp; Redaktion:<\/p>\n<p>Fotos:<br \/>\nAndreas Emmert<br \/>\nwww.andreasemmert.com<\/p>\n","protected":false},"excerpt":{"rendered":"<p>Andreas Emmert Schlo\u00dfstr. 41 86854 Amberg Tel.: 08241 \/ 911 99 39 info@niceart.de Ust-Id-Nr. DE 252 78 27 91 Copyright: \u00a9 niceart.de &#8211;\u00a0 Alle Rechte vorbehalten. Haftungshinweis: Diese Webseite wurde mit gr\u00f6\u00dftm\u00f6glicher Sorgfalt erstellt. Trotzdem kann keine Gew\u00e4hr f\u00fcr die Fehlerfreiheit und Genauigkeit der enthaltenen Informationen \u00fcbernommen werden. Jegliche Haftung f\u00fcr Sch\u00e4den, die direkt oder [&hellip;]<\/p>\n","protected":false},"author":1,"featured_media":0,"parent":0,"menu_order":0,"comment_status":"closed","ping_status":"closed","template":"","meta":{"_et_pb_use_builder":"","_et_pb_old_content":"","_et_gb_content_width":"","inline_featured_image":false,"footnotes":""},"class_list":["post-3761","page","type-page","status-publish","hentry"],"_links":{"self":[{"href":"https:\/\/www.niceart.de\/de\/wp-json\/wp\/v2\/pages\/3761","targetHints":{"allow":["GET"]}}],"collection":[{"href":"https:\/\/www.niceart.de\/de\/wp-json\/wp\/v2\/pages"}],"about":[{"href":"https:\/\/www.niceart.de\/de\/wp-json\/wp\/v2\/types\/page"}],"author":[{"embeddable":true,"href":"https:\/\/www.niceart.de\/de\/wp-json\/wp\/v2\/users\/1"}],"replies":[{"embeddable":true,"href":"https:\/\/www.niceart.de\/de\/wp-json\/wp\/v2\/comments?post=3761"}],"version-history":[{"count":2,"href":"https:\/\/www.niceart.de\/de\/wp-json\/wp\/v2\/pages\/3761\/revisions"}],"predecessor-version":[{"id":3779,"href":"https:\/\/www.niceart.de\/de\/wp-json\/wp\/v2\/pages\/3761\/revisions\/3779"}],"wp:attachment":[{"href":"https:\/\/www.niceart.de\/de\/wp-json\/wp\/v2\/media?parent=3761"}],"curies":[{"name":"wp","href":"https:\/\/api.w.org\/{rel}","templated":true}]}}